{"id":134,"date":"2019-01-15T14:36:46","date_gmt":"2019-01-15T19:36:46","guid":{"rendered":"http:\/\/rfrq.org\/?page_id=134"},"modified":"2025-01-08T09:39:51","modified_gmt":"2025-01-08T14:39:51","slug":"auberge-tom-b-b","status":"publish","type":"page","link":"http:\/\/rfrq.org\/?page_id=134","title":{"rendered":"Centre d&rsquo;optique Daniel Jeannotte o.o.d."},"content":{"rendered":"\n<figure class=\"wp-block-image\"><img decoding=\"async\" src=\"https:\/\/rfrq.org\/wp-content\/uploads\/2023\/07\/Daniel-Jeannotte-1.jpg\" alt=\"\" class=\"wp-image-1472\"\/><\/figure>\n\n\n\n<p><\/p>\n\n\n\n<p>583 boul. des Seigneurs<br>Terrebonne, Qc<br>(450) 471-4414<br>J6W 1T5<br>Prop.&nbsp;: Daniel Jeannotte<\/p>\n\n\n\n<p class=\"has-text-color has-luminous-vivid-orange-color\"><strong>10% de rabais \u00e0 l\u2019achat d\u2019une lunette compl\u00e8te \u00e0 prix r\u00e9gulier<\/strong><br><strong>ET<\/strong><br><strong>amenez une personne avec vous et s\u2019il y a achat<\/strong><br><strong>par cette autre personne, vous aurez alors<\/strong><br><strong>droit \u00e0 15% de rabais.(sur pr\u00e9sentation de la carte de membre RFRQ)<\/strong><\/p>\n\n\n\n<p>Mise \u00e0 jour aupr\u00e8s de Katia Pessa et Daniel Jeannotte <br>par Ginette Mireault en date du 29 juin 2023<br><strong>Entente valide jusqu\u2019au 2025-12-31<\/strong><\/p>\n","protected":false},"excerpt":{"rendered":"<p>583 boul. des SeigneursTerrebonne, Qc(450) 471-4414J6W 1T5Prop.&nbsp;: Daniel Jeannotte 10% de rabais \u00e0 l\u2019achat d\u2019une lunette compl\u00e8te \u00e0 prix r\u00e9gulierETamenez une personne avec vous et s\u2019il y a achatpar cette autre personne, vous aurez alorsdroit \u00e0 15% de rabais.(sur pr\u00e9sentation de la carte de membre RFRQ) Mise \u00e0 jour aupr\u00e8s de Katia Pessa et Daniel &hellip; <\/p>\n<p class=\"link-more\"><a href=\"http:\/\/rfrq.org\/?page_id=134\" class=\"more-link\">Continuer la lecture<span class=\"screen-reader-text\"> de &laquo; Centre d&rsquo;optique Daniel Jeannotte o.o.d. &raquo;<\/span><\/a><\/p>\n","protected":false},"author":2,"featured_media":0,"parent":31,"menu_order":0,"comment_status":"closed","ping_status":"closed","template":"","meta":{"footnotes":""},"class_list":["post-134","page","type-page","status-publish","hentry"],"_links":{"self":[{"href":"http:\/\/rfrq.org\/index.php?rest_route=\/wp\/v2\/pages\/134","targetHints":{"allow":["GET"]}}],"collection":[{"href":"http:\/\/rfrq.org\/index.php?rest_route=\/wp\/v2\/pages"}],"about":[{"href":"http:\/\/rfrq.org\/index.php?rest_route=\/wp\/v2\/types\/page"}],"author":[{"embeddable":true,"href":"http:\/\/rfrq.org\/index.php?rest_route=\/wp\/v2\/users\/2"}],"replies":[{"embeddable":true,"href":"http:\/\/rfrq.org\/index.php?rest_route=%2Fwp%2Fv2%2Fcomments&post=134"}],"version-history":[{"count":11,"href":"http:\/\/rfrq.org\/index.php?rest_route=\/wp\/v2\/pages\/134\/revisions"}],"predecessor-version":[{"id":1609,"href":"http:\/\/rfrq.org\/index.php?rest_route=\/wp\/v2\/pages\/134\/revisions\/1609"}],"up":[{"embeddable":true,"href":"http:\/\/rfrq.org\/index.php?rest_route=\/wp\/v2\/pages\/31"}],"wp:attachment":[{"href":"http:\/\/rfrq.org\/index.php?rest_route=%2Fwp%2Fv2%2Fmedia&parent=134"}],"curies":[{"name":"wp","href":"https:\/\/api.w.org\/{rel}","templated":true}]}}