{"id":146,"date":"2019-01-15T14:51:43","date_gmt":"2019-01-15T19:51:43","guid":{"rendered":"http:\/\/rfrq.org\/?page_id=146"},"modified":"2026-01-20T15:34:45","modified_gmt":"2026-01-20T20:34:45","slug":"auclair-chartrand-notaires-2","status":"publish","type":"page","link":"http:\/\/rfrq.org\/?page_id=146","title":{"rendered":"Me Francis Pelletier, notaire, LL.B., LL.M."},"content":{"rendered":"\n<figure class=\"wp-block-image\"><a href=\"https:\/\/www.facebook.com\/francis.pelletier.71653\" target=\"_blank\" rel=\"noreferrer noopener\"><img loading=\"lazy\" decoding=\"async\" width=\"200\" height=\"181\" src=\"http:\/\/rfrq.org\/wp-content\/uploads\/2019\/12\/Francis-Pelletier-notaire-inc.jpg\" alt=\"\" class=\"wp-image-1267\"\/><\/a><figcaption class=\"wp-element-caption\">Cliquez l&rsquo;\u00eecone pour plus d&rsquo;infos<\/figcaption><\/figure>\n\n\n\n<p><strong>(anciennement Auclair &amp; Chartrand)<\/strong><br>208 boul. Ste-Rose<br>Ste-Rose, Laval H7L 1L6<br>T\u00e9l.: (450) 622-8102<br>Me. Vincent Auclair, notaire<\/p>\n\n\n\n<p class=\"has-luminous-vivid-orange-color has-text-color\"><strong>10 % rabais sur les services juridiques et les frais notari\u00e9s.<\/strong><br><strong>15%&nbsp; rabais pour la r\u00e9daction de testaments et de mandats d\u2019inaptitude.<\/strong><\/p>\n\n\n\n<p class=\"has-luminous-vivid-orange-color has-text-color\"><strong>(sur pr\u00e9sentation de la carte de membre RFRQ)<\/strong><\/p>\n\n\n\n<p>Mise \u00e0 jour aupr\u00e8s de Me Francis Pelletier par courriel en date du 2024-01-10 par Sylvie B\u00e9langer<br><strong>Entente valide jusqu\u2019au 2026-12-31<\/strong><\/p>\n","protected":false},"excerpt":{"rendered":"<p>(anciennement Auclair &amp; Chartrand)208 boul. Ste-RoseSte-Rose, Laval H7L 1L6T\u00e9l.: (450) 622-8102Me. Vincent Auclair, notaire 10 % rabais sur les services juridiques et les frais notari\u00e9s.15%&nbsp; rabais pour la r\u00e9daction de testaments et de mandats d\u2019inaptitude. (sur pr\u00e9sentation de la carte de membre RFRQ) Mise \u00e0 jour aupr\u00e8s de Me Francis Pelletier par courriel en date &hellip; <\/p>\n<p class=\"link-more\"><a href=\"http:\/\/rfrq.org\/?page_id=146\" class=\"more-link\">Continuer la lecture<span class=\"screen-reader-text\"> de &laquo; Me Francis Pelletier, notaire, LL.B., LL.M. &raquo;<\/span><\/a><\/p>\n","protected":false},"author":2,"featured_media":0,"parent":31,"menu_order":0,"comment_status":"closed","ping_status":"closed","template":"","meta":{"footnotes":""},"class_list":["post-146","page","type-page","status-publish","hentry"],"_links":{"self":[{"href":"http:\/\/rfrq.org\/index.php?rest_route=\/wp\/v2\/pages\/146","targetHints":{"allow":["GET"]}}],"collection":[{"href":"http:\/\/rfrq.org\/index.php?rest_route=\/wp\/v2\/pages"}],"about":[{"href":"http:\/\/rfrq.org\/index.php?rest_route=\/wp\/v2\/types\/page"}],"author":[{"embeddable":true,"href":"http:\/\/rfrq.org\/index.php?rest_route=\/wp\/v2\/users\/2"}],"replies":[{"embeddable":true,"href":"http:\/\/rfrq.org\/index.php?rest_route=%2Fwp%2Fv2%2Fcomments&post=146"}],"version-history":[{"count":13,"href":"http:\/\/rfrq.org\/index.php?rest_route=\/wp\/v2\/pages\/146\/revisions"}],"predecessor-version":[{"id":1695,"href":"http:\/\/rfrq.org\/index.php?rest_route=\/wp\/v2\/pages\/146\/revisions\/1695"}],"up":[{"embeddable":true,"href":"http:\/\/rfrq.org\/index.php?rest_route=\/wp\/v2\/pages\/31"}],"wp:attachment":[{"href":"http:\/\/rfrq.org\/index.php?rest_route=%2Fwp%2Fv2%2Fmedia&parent=146"}],"curies":[{"name":"wp","href":"https:\/\/api.w.org\/{rel}","templated":true}]}}