{"id":149,"date":"2019-01-15T14:57:45","date_gmt":"2019-01-15T19:57:45","guid":{"rendered":"http:\/\/rfrq.org\/?page_id=149"},"modified":"2026-01-20T15:42:37","modified_gmt":"2026-01-20T20:42:37","slug":"car-ct-sale","status":"publish","type":"page","link":"http:\/\/rfrq.org\/?page_id=149","title":{"rendered":"CAR CT SALE"},"content":{"rendered":"\n<figure class=\"wp-block-image is-resized\"><a href=\"http:\/\/www.carctsale.com\" target=\"_blank\" rel=\"noreferrer noopener\"><img loading=\"lazy\" decoding=\"async\" width=\"179\" height=\"104\" src=\"http:\/\/rfrq.org\/wp-content\/uploads\/2019\/01\/cristian-tanase.jpg\" alt=\"\" class=\"wp-image-78\" style=\"width:355px;height:206px\"\/><\/a><\/figure>\n\n\n\n<p>Cristian Tanase <br>Courtier Automobile <br>(514)715-2033<br><a href=\"mailto:info@carctsale.com\">info@carctsale.com<\/a><br><a rel=\"noreferrer noopener\" href=\"http:\/\/www.carctsale.com\/\" target=\"_blank\">www.carctsale.com<\/a>&nbsp;\/&nbsp;<a rel=\"noreferrer noopener\" href=\"http:\/\/www.carctsale.ca\/\" target=\"_blank\">www.carctsale.ca<\/a><\/p>\n\n\n\n<p class=\"has-luminous-vivid-orange-color has-text-color\"><strong>Carte\ncadeau<\/strong>&nbsp;d&rsquo;une\nvaleur de&nbsp;<strong>$50.&nbsp;<\/strong>(commerce au choix du client)\nofferte \u00e0 la fin de la transaction&nbsp;d&rsquo;achat d&rsquo;un v\u00e9hicule neuf ou usag\u00e9 ou\nd&rsquo;une location,&nbsp;entre le membre RFRQ et CarCTSale.<\/p>\n\n\n\n<p><strong>(sur pr\u00e9sentation de la carte de membre\nRFRQ)<\/strong><\/p>\n\n\n\n<p>M. Cristian Tanase, courtier automobile,\ns&rsquo;engage \u00e0 trouver pour vous :<\/p>\n\n\n\n<p>Le meilleur prix,&nbsp;meilleure\ngarantie,&nbsp;meilleurs prix pour accessoires&nbsp;sur v\u00e9hicule neuf ou usag\u00e9 achet\u00e9 ou\nlou\u00e9 chez le concessionnaire.<\/p>\n\n\n\n<p>Prenez rendez-vous afin de lui sp\u00e9cifier\nvos demandes tel marque, mod\u00e8le, ann\u00e9e, options, km, etc&#8230; Cristian fera les\nd\u00e9marches pour vous trouver la \u00ab\u00a0perle rare\u00a0\u00bb en plus de vous offrir\nles meilleurs conseils automobile. De plus, vous b\u00e9n\u00e9ficierez aussi de tous\nles&nbsp;rabais offerts par les concessionnaires et manufacturiers.<\/p>\n\n\n\n<p>Mise \u00e0 jour de l\u2019entente prise aupr\u00e8s de Cristian Tanasse le 2017\/05\/06 par Ginette Mireault<br><strong>Entente valide illimit\u00e9<\/strong>e<\/p>\n","protected":false},"excerpt":{"rendered":"<p>Cristian Tanase Courtier Automobile (514)715-2033info@carctsale.comwww.carctsale.com&nbsp;\/&nbsp;www.carctsale.ca Carte cadeau&nbsp;d&rsquo;une valeur de&nbsp;$50.&nbsp;(commerce au choix du client) offerte \u00e0 la fin de la transaction&nbsp;d&rsquo;achat d&rsquo;un v\u00e9hicule neuf ou usag\u00e9 ou d&rsquo;une location,&nbsp;entre le membre RFRQ et CarCTSale. (sur pr\u00e9sentation de la carte de membre RFRQ) M. Cristian Tanase, courtier automobile, s&rsquo;engage \u00e0 trouver pour vous : Le meilleur prix,&nbsp;meilleure &hellip; <\/p>\n<p class=\"link-more\"><a href=\"http:\/\/rfrq.org\/?page_id=149\" class=\"more-link\">Continuer la lecture<span class=\"screen-reader-text\"> de &laquo; CAR CT SALE &raquo;<\/span><\/a><\/p>\n","protected":false},"author":2,"featured_media":0,"parent":31,"menu_order":0,"comment_status":"closed","ping_status":"closed","template":"","meta":{"footnotes":""},"class_list":["post-149","page","type-page","status-publish","hentry"],"_links":{"self":[{"href":"http:\/\/rfrq.org\/index.php?rest_route=\/wp\/v2\/pages\/149","targetHints":{"allow":["GET"]}}],"collection":[{"href":"http:\/\/rfrq.org\/index.php?rest_route=\/wp\/v2\/pages"}],"about":[{"href":"http:\/\/rfrq.org\/index.php?rest_route=\/wp\/v2\/types\/page"}],"author":[{"embeddable":true,"href":"http:\/\/rfrq.org\/index.php?rest_route=\/wp\/v2\/users\/2"}],"replies":[{"embeddable":true,"href":"http:\/\/rfrq.org\/index.php?rest_route=%2Fwp%2Fv2%2Fcomments&post=149"}],"version-history":[{"count":5,"href":"http:\/\/rfrq.org\/index.php?rest_route=\/wp\/v2\/pages\/149\/revisions"}],"predecessor-version":[{"id":1699,"href":"http:\/\/rfrq.org\/index.php?rest_route=\/wp\/v2\/pages\/149\/revisions\/1699"}],"up":[{"embeddable":true,"href":"http:\/\/rfrq.org\/index.php?rest_route=\/wp\/v2\/pages\/31"}],"wp:attachment":[{"href":"http:\/\/rfrq.org\/index.php?rest_route=%2Fwp%2Fv2%2Fmedia&parent=149"}],"curies":[{"name":"wp","href":"https:\/\/api.w.org\/{rel}","templated":true}]}}