{"id":1579,"date":"2024-12-02T15:02:44","date_gmt":"2024-12-02T20:02:44","guid":{"rendered":"http:\/\/rfrq.org\/?page_id=1579"},"modified":"2026-01-20T15:42:59","modified_gmt":"2026-01-20T20:42:59","slug":"melissa-patrie","status":"publish","type":"page","link":"http:\/\/rfrq.org\/?page_id=1579","title":{"rendered":"M\u00e9lissa Patrie"},"content":{"rendered":"\n<figure class=\"wp-block-image\"><a href=\"https:\/\/meliereflexologie.com\/\" target=\"_blank\" rel=\"noreferrer noopener\"><img loading=\"lazy\" decoding=\"async\" width=\"201\" height=\"200\" src=\"http:\/\/rfrq.org\/wp-content\/uploads\/2024\/12\/Melissa-Patrie.jpg\" alt=\"\" class=\"wp-image-1580\" srcset=\"http:\/\/rfrq.org\/wp-content\/uploads\/2024\/12\/Melissa-Patrie.jpg 201w, http:\/\/rfrq.org\/wp-content\/uploads\/2024\/12\/Melissa-Patrie-150x150.jpg 150w, http:\/\/rfrq.org\/wp-content\/uploads\/2024\/12\/Melissa-Patrie-100x100.jpg 100w\" sizes=\"auto, (max-width: 201px) 100vw, 201px\" \/><\/a><\/figure>\n\n\n\n<p>400 Mont\u00e9e Masson <br>Mascouche, Qc<br> J7K 2L5<br> 514-267-2163<br><a rel=\"noreferrer noopener\" aria-label=\" (s\u2019ouvre dans un nouvel onglet)\" href=\"https:\/\/meliereflexologie.com\/\" target=\"_blank\">https:\/\/meliereflexologie.com\/<\/a><\/p>\n\n\n\n<p class=\"has-luminous-vivid-orange-color has-text-color\">10% de rabais sur les soins \u00e0 prix r\u00e9gulier excluant le Soin Rituel Pinda Sveda &amp; Udvrathana.<br>La R\u00e9flexologie Corporelle est offerte \u00e0 tous.<br>Les Soins Ayurv\u00e9diques sont adress\u00e9s aux femmes uniquement.<br>La r\u00e9compense de r\u00e9f\u00e9rencement n&rsquo;est pas applicable pour les membres de RFRQ.<br>Le 10% de rabais n&rsquo;est pas applicable sur les certificats cadeaux.<br>Le 10% n&rsquo;est pas applicable sur les promotions. <\/p>\n\n\n\n<p class=\"has-luminous-vivid-orange-color has-text-color\"><strong>\ufeff&nbsp;(sur pr\u00e9sentation de la carte de membre RFRQ)<\/strong><\/p>\n\n\n\n<p>Mise \u00e0 jour aupr\u00e8s de M\u00e9lissa Patrie en date du 2024-12-01 par Ginette Mireault<br><strong>Entente valide jusqu\u2019au 2026-12-31<\/strong><\/p>\n\n\n\n<p><\/p>\n","protected":false},"excerpt":{"rendered":"<p>400 Mont\u00e9e Masson Mascouche, Qc J7K 2L5 514-267-2163https:\/\/meliereflexologie.com\/ 10% de rabais sur les soins \u00e0 prix r\u00e9gulier excluant le Soin Rituel Pinda Sveda &amp; Udvrathana.La R\u00e9flexologie Corporelle est offerte \u00e0 tous.Les Soins Ayurv\u00e9diques sont adress\u00e9s aux femmes uniquement.La r\u00e9compense de r\u00e9f\u00e9rencement n&rsquo;est pas applicable pour les membres de RFRQ.Le 10% de rabais n&rsquo;est pas applicable &hellip; <\/p>\n<p class=\"link-more\"><a href=\"http:\/\/rfrq.org\/?page_id=1579\" class=\"more-link\">Continuer la lecture<span class=\"screen-reader-text\"> de &laquo; M\u00e9lissa Patrie &raquo;<\/span><\/a><\/p>\n","protected":false},"author":2,"featured_media":0,"parent":31,"menu_order":0,"comment_status":"closed","ping_status":"closed","template":"","meta":{"footnotes":""},"class_list":["post-1579","page","type-page","status-publish","hentry"],"_links":{"self":[{"href":"http:\/\/rfrq.org\/index.php?rest_route=\/wp\/v2\/pages\/1579","targetHints":{"allow":["GET"]}}],"collection":[{"href":"http:\/\/rfrq.org\/index.php?rest_route=\/wp\/v2\/pages"}],"about":[{"href":"http:\/\/rfrq.org\/index.php?rest_route=\/wp\/v2\/types\/page"}],"author":[{"embeddable":true,"href":"http:\/\/rfrq.org\/index.php?rest_route=\/wp\/v2\/users\/2"}],"replies":[{"embeddable":true,"href":"http:\/\/rfrq.org\/index.php?rest_route=%2Fwp%2Fv2%2Fcomments&post=1579"}],"version-history":[{"count":12,"href":"http:\/\/rfrq.org\/index.php?rest_route=\/wp\/v2\/pages\/1579\/revisions"}],"predecessor-version":[{"id":1700,"href":"http:\/\/rfrq.org\/index.php?rest_route=\/wp\/v2\/pages\/1579\/revisions\/1700"}],"up":[{"embeddable":true,"href":"http:\/\/rfrq.org\/index.php?rest_route=\/wp\/v2\/pages\/31"}],"wp:attachment":[{"href":"http:\/\/rfrq.org\/index.php?rest_route=%2Fwp%2Fv2%2Fmedia&parent=1579"}],"curies":[{"name":"wp","href":"https:\/\/api.w.org\/{rel}","templated":true}]}}