{"id":172,"date":"2019-01-15T15:19:34","date_gmt":"2019-01-15T20:19:34","guid":{"rendered":"http:\/\/rfrq.org\/?page_id=172"},"modified":"2026-01-20T15:40:49","modified_gmt":"2026-01-20T20:40:49","slug":"fleuriste-des-seigneurs","status":"publish","type":"page","link":"http:\/\/rfrq.org\/?page_id=172","title":{"rendered":"Fleuriste des Seigneurs"},"content":{"rendered":"\n<figure class=\"wp-block-image\"><a href=\"https:\/\/www.fleuristedesseigneurs.net\/\" target=\"_blank\" rel=\"noreferrer noopener\"><img loading=\"lazy\" decoding=\"async\" width=\"131\" height=\"130\" src=\"http:\/\/rfrq.org\/wp-content\/uploads\/2019\/01\/ftd.jpg\" alt=\"\" class=\"wp-image-82\" srcset=\"http:\/\/rfrq.org\/wp-content\/uploads\/2019\/01\/ftd.jpg 131w, http:\/\/rfrq.org\/wp-content\/uploads\/2019\/01\/ftd-100x100.jpg 100w\" sizes=\"auto, (max-width: 131px) 100vw, 131px\" \/><\/a><\/figure>\n\n\n\n<p><strong>1190 boul. des Seigneurs<\/strong><br><strong>Terrebonne, Qu\u00e9bec<\/strong><br><strong>J6W 3W4<\/strong><br><strong>450&nbsp;471-0193<\/strong><\/p>\n\n\n\n<p class=\"has-luminous-vivid-orange-color has-text-color\"><strong>15% de rabais sur produits en magasin<\/strong><br><strong>(sur pr\u00e9sentation de la carte de membre RFRQ valide)<\/strong><\/p>\n\n\n\n<p>Entente prise aupr\u00e8s de Diane Messier par Ginette Mireault en date du 2020-01-11<br><strong>Entente valide jusqu\u2019au 2026-12-31<\/strong><\/p>\n","protected":false},"excerpt":{"rendered":"<p>1190 boul. des SeigneursTerrebonne, Qu\u00e9becJ6W 3W4450&nbsp;471-0193 15% de rabais sur produits en magasin(sur pr\u00e9sentation de la carte de membre RFRQ valide) Entente prise aupr\u00e8s de Diane Messier par Ginette Mireault en date du 2020-01-11Entente valide jusqu\u2019au 2026-12-31<\/p>\n","protected":false},"author":2,"featured_media":0,"parent":31,"menu_order":0,"comment_status":"closed","ping_status":"closed","template":"","meta":{"footnotes":""},"class_list":["post-172","page","type-page","status-publish","hentry"],"_links":{"self":[{"href":"http:\/\/rfrq.org\/index.php?rest_route=\/wp\/v2\/pages\/172","targetHints":{"allow":["GET"]}}],"collection":[{"href":"http:\/\/rfrq.org\/index.php?rest_route=\/wp\/v2\/pages"}],"about":[{"href":"http:\/\/rfrq.org\/index.php?rest_route=\/wp\/v2\/types\/page"}],"author":[{"embeddable":true,"href":"http:\/\/rfrq.org\/index.php?rest_route=\/wp\/v2\/users\/2"}],"replies":[{"embeddable":true,"href":"http:\/\/rfrq.org\/index.php?rest_route=%2Fwp%2Fv2%2Fcomments&post=172"}],"version-history":[{"count":9,"href":"http:\/\/rfrq.org\/index.php?rest_route=\/wp\/v2\/pages\/172\/revisions"}],"predecessor-version":[{"id":1697,"href":"http:\/\/rfrq.org\/index.php?rest_route=\/wp\/v2\/pages\/172\/revisions\/1697"}],"up":[{"embeddable":true,"href":"http:\/\/rfrq.org\/index.php?rest_route=\/wp\/v2\/pages\/31"}],"wp:attachment":[{"href":"http:\/\/rfrq.org\/index.php?rest_route=%2Fwp%2Fv2%2Fmedia&parent=172"}],"curies":[{"name":"wp","href":"https:\/\/api.w.org\/{rel}","templated":true}]}}