{"id":186,"date":"2019-01-15T15:32:19","date_gmt":"2019-01-15T20:32:19","guid":{"rendered":"http:\/\/rfrq.org\/?page_id=186"},"modified":"2026-01-20T15:32:20","modified_gmt":"2026-01-20T20:32:20","slug":"restaurant-au-poulet-nouveau","status":"publish","type":"page","link":"http:\/\/rfrq.org\/?page_id=186","title":{"rendered":"\ufeffRestaurant Au Poulet Nouveau"},"content":{"rendered":"\n<figure class=\"wp-block-image is-resized\"><a href=\"http:\/\/www.restaurantaupouletnouveau.com\/\" target=\"_blank\" rel=\"noreferrer noopener\"><img loading=\"lazy\" decoding=\"async\" width=\"149\" height=\"101\" src=\"http:\/\/rfrq.org\/wp-content\/uploads\/2019\/01\/Au-poulet-Nouveau.jpg\" alt=\"\" class=\"wp-image-70\" style=\"width:217px;height:147px\"\/><\/a><\/figure>\n\n\n\n<p><strong> <\/strong>1089 Mont\u00e9e Masson<br>Mascouche J7K 2M1<br>(450) 474-4101<\/p>\n\n\n\n<p class=\"has-luminous-vivid-orange-color has-text-color\"><strong>10% de rabais sur souper pris en salle \u00e0 manger <\/strong><br><strong>(sur pr\u00e9sentation de la carte de membre RFRQ \u00e0 l\u2019arriv\u00e9e au restaurant)<\/strong><br><strong>** Non-applicable sur le menu d\u00e9jeuner et\/ou du midi et\/ou sur les commandes \u00e0 emporter<\/strong><\/p>\n\n\n\n<p>Mise \u00e0 jour aupr\u00e8s de Jocelyn Gari\u00e9py\u00a0 en date du\u00a0 2023-12-06 par Robert Pinard<br><strong>Entente valide jusqu\u2019au 2026-12-31<\/strong><\/p>\n","protected":false},"excerpt":{"rendered":"<p>1089 Mont\u00e9e MassonMascouche J7K 2M1(450) 474-4101 10% de rabais sur souper pris en salle \u00e0 manger (sur pr\u00e9sentation de la carte de membre RFRQ \u00e0 l\u2019arriv\u00e9e au restaurant)** Non-applicable sur le menu d\u00e9jeuner et\/ou du midi et\/ou sur les commandes \u00e0 emporter Mise \u00e0 jour aupr\u00e8s de Jocelyn Gari\u00e9py\u00a0 en date du\u00a0 2023-12-06 par Robert &hellip; <\/p>\n<p class=\"link-more\"><a href=\"http:\/\/rfrq.org\/?page_id=186\" class=\"more-link\">Continuer la lecture<span class=\"screen-reader-text\"> de &laquo; \ufeffRestaurant Au Poulet Nouveau &raquo;<\/span><\/a><\/p>\n","protected":false},"author":2,"featured_media":0,"parent":31,"menu_order":0,"comment_status":"closed","ping_status":"closed","template":"","meta":{"footnotes":""},"class_list":["post-186","page","type-page","status-publish","hentry"],"_links":{"self":[{"href":"http:\/\/rfrq.org\/index.php?rest_route=\/wp\/v2\/pages\/186","targetHints":{"allow":["GET"]}}],"collection":[{"href":"http:\/\/rfrq.org\/index.php?rest_route=\/wp\/v2\/pages"}],"about":[{"href":"http:\/\/rfrq.org\/index.php?rest_route=\/wp\/v2\/types\/page"}],"author":[{"embeddable":true,"href":"http:\/\/rfrq.org\/index.php?rest_route=\/wp\/v2\/users\/2"}],"replies":[{"embeddable":true,"href":"http:\/\/rfrq.org\/index.php?rest_route=%2Fwp%2Fv2%2Fcomments&post=186"}],"version-history":[{"count":11,"href":"http:\/\/rfrq.org\/index.php?rest_route=\/wp\/v2\/pages\/186\/revisions"}],"predecessor-version":[{"id":1692,"href":"http:\/\/rfrq.org\/index.php?rest_route=\/wp\/v2\/pages\/186\/revisions\/1692"}],"up":[{"embeddable":true,"href":"http:\/\/rfrq.org\/index.php?rest_route=\/wp\/v2\/pages\/31"}],"wp:attachment":[{"href":"http:\/\/rfrq.org\/index.php?rest_route=%2Fwp%2Fv2%2Fmedia&parent=186"}],"curies":[{"name":"wp","href":"https:\/\/api.w.org\/{rel}","templated":true}]}}