{"id":192,"date":"2019-01-15T15:38:17","date_gmt":"2019-01-15T20:38:17","guid":{"rendered":"http:\/\/rfrq.org\/?page_id=192"},"modified":"2026-01-20T15:35:11","modified_gmt":"2026-01-20T20:35:11","slug":"sports-experts-atmosphere","status":"publish","type":"page","link":"http:\/\/rfrq.org\/?page_id=192","title":{"rendered":"Sports Experts \/ Atmosph\u00e8re\ufeff"},"content":{"rendered":"\n<figure class=\"wp-block-image is-resized\"><a href=\"https:\/\/www.sportsexperts.ca\" target=\"_blank\" rel=\"noreferrer noopener\"><img loading=\"lazy\" decoding=\"async\" width=\"286\" height=\"114\" src=\"http:\/\/rfrq.org\/wp-content\/uploads\/2019\/01\/Sports-experts.jpg\" alt=\"\" class=\"wp-image-72\" style=\"width:336px;height:134px\"\/><\/a><\/figure>\n\n\n\n<p>Galerie Terrebonne<br>1185 boul. Moody, Terrebonne<br>(450) 471-3688<\/p>\n\n\n\n<p class=\"has-luminous-vivid-orange-color has-text-color\"><strong>15% de rabais sur les chaussures et v\u00eatements en magasin a prix r\u00e9gulier<\/strong><br><strong>10% de rabais sur l\u2019\u00e9quipement<\/strong><\/p>\n\n\n\n<p class=\"has-luminous-vivid-orange-color has-text-color\"><br><strong>2 X \/ ann\u00e9e (printemps et automne) <\/strong><br>Une soir\u00e9e magasinage <strong>VIP<\/strong> ou vous aurez droit \u00e0 <strong>20% de rabais<\/strong><br>sur toute la marchandise en magasin au prix r\u00e9gulier et <strong>10% de rabais<\/strong><br>sur la marchandise d\u00e9j\u00e0 en solde<br><strong>Prochain \u00e9v\u00e9nement VIP&nbsp;:&nbsp;&nbsp; 21 Octobre 2025<\/strong><\/p>\n\n\n\n<p><strong>&nbsp;(sur pr\u00e9sentation de la carte de membre RFRQ)<\/strong><\/p>\n\n\n\n<p>Mise \u00e0 jour aupr\u00e8s de R\u00e9mi Gigu\u00e8re par courriel le 2024-01-10 par Sylvie B\u00e9langer<br><strong>Entente valide jusqu\u2019au 2026-12-31<\/strong><\/p>\n","protected":false},"excerpt":{"rendered":"<p>Galerie Terrebonne1185 boul. Moody, Terrebonne(450) 471-3688 15% de rabais sur les chaussures et v\u00eatements en magasin a prix r\u00e9gulier10% de rabais sur l\u2019\u00e9quipement 2 X \/ ann\u00e9e (printemps et automne) Une soir\u00e9e magasinage VIP ou vous aurez droit \u00e0 20% de rabaissur toute la marchandise en magasin au prix r\u00e9gulier et 10% de rabaissur la &hellip; <\/p>\n<p class=\"link-more\"><a href=\"http:\/\/rfrq.org\/?page_id=192\" class=\"more-link\">Continuer la lecture<span class=\"screen-reader-text\"> de &laquo; Sports Experts \/ Atmosph\u00e8re\ufeff &raquo;<\/span><\/a><\/p>\n","protected":false},"author":2,"featured_media":0,"parent":31,"menu_order":0,"comment_status":"closed","ping_status":"closed","template":"","meta":{"footnotes":""},"class_list":["post-192","page","type-page","status-publish","hentry"],"_links":{"self":[{"href":"http:\/\/rfrq.org\/index.php?rest_route=\/wp\/v2\/pages\/192","targetHints":{"allow":["GET"]}}],"collection":[{"href":"http:\/\/rfrq.org\/index.php?rest_route=\/wp\/v2\/pages"}],"about":[{"href":"http:\/\/rfrq.org\/index.php?rest_route=\/wp\/v2\/types\/page"}],"author":[{"embeddable":true,"href":"http:\/\/rfrq.org\/index.php?rest_route=\/wp\/v2\/users\/2"}],"replies":[{"embeddable":true,"href":"http:\/\/rfrq.org\/index.php?rest_route=%2Fwp%2Fv2%2Fcomments&post=192"}],"version-history":[{"count":19,"href":"http:\/\/rfrq.org\/index.php?rest_route=\/wp\/v2\/pages\/192\/revisions"}],"predecessor-version":[{"id":1696,"href":"http:\/\/rfrq.org\/index.php?rest_route=\/wp\/v2\/pages\/192\/revisions\/1696"}],"up":[{"embeddable":true,"href":"http:\/\/rfrq.org\/index.php?rest_route=\/wp\/v2\/pages\/31"}],"wp:attachment":[{"href":"http:\/\/rfrq.org\/index.php?rest_route=%2Fwp%2Fv2%2Fmedia&parent=192"}],"curies":[{"name":"wp","href":"https:\/\/api.w.org\/{rel}","templated":true}]}}