{"id":208,"date":"2019-01-15T16:19:24","date_gmt":"2019-01-15T21:19:24","guid":{"rendered":"http:\/\/rfrq.org\/?page_id=208"},"modified":"2019-07-02T07:43:44","modified_gmt":"2019-07-02T12:43:44","slug":"advic-securite","status":"publish","type":"page","link":"http:\/\/rfrq.org\/?page_id=208","title":{"rendered":"ADVIC S\u00c9CURIT\u00c9"},"content":{"rendered":"\n<figure class=\"wp-block-image\"><img loading=\"lazy\" decoding=\"async\" width=\"343\" height=\"133\" src=\"http:\/\/rfrq.org\/wp-content\/uploads\/2019\/01\/advic.jpg\" alt=\"\" class=\"wp-image-80\" srcset=\"http:\/\/rfrq.org\/wp-content\/uploads\/2019\/01\/advic.jpg 343w, http:\/\/rfrq.org\/wp-content\/uploads\/2019\/01\/advic-300x116.jpg 300w\" sizes=\"auto, (max-width: 343px) 100vw, 343px\" \/><\/figure>\n\n\n\n<p>Chantal B\u00e9langer <br><a href=\"mailto:chantal@advicsecurite.com\">chantal@advicsecurite.com<\/a><br>R.B.Q. 8314 5649 13<br>Agence de s\u00e9curit\u00e9 # SE A-0002311<br>Bur.: (450) 581-3796<\/p>\n\n\n\n<p class=\"has-text-color has-luminous-vivid-orange-color\">Pour tous travaux, un <strong>rabais de 15%<\/strong> applicable sur le prix r\u00e9gulier des pi\u00e8ces. <\/p>\n\n\n\n<p class=\"has-text-color has-luminous-vivid-orange-color\">Pour tout nouveau branchement au central de surveillance, nous offrons gratuitement la main d\u2019\u0153uvre pour la visite de reprogrammation des \u00e9quipements existants, la v\u00e9rification ainsi que le branchement \u00e0 notre central de surveillance ULC (approuv\u00e9e par le laboratoire des assureurs du Canada) (d\u2019une valeur minimum de 100$)<\/p>\n\n\n\n<p class=\"has-text-color has-luminous-vivid-orange-color\">\u00a0Un tarif sp\u00e9cial annuel de surveillance digitale au co\u00fbt de 165$ sur tout contrat de 24 mois.<\/p>\n\n\n\n<p><strong>(Sur pr\u00e9sentation de la carte de membre RFRQ)<\/strong><br>Entente prise aupr\u00e8s de Chantal B\u00e9langer le 2019\/06\/24 par Ginette Mireault<br><strong>Valide jusqu\u2019au 2020-09-30<\/strong><\/p>\n","protected":false},"excerpt":{"rendered":"<p>Chantal B\u00e9langer chantal@advicsecurite.comR.B.Q. 8314 5649 13Agence de s\u00e9curit\u00e9 # SE A-0002311Bur.: (450) 581-3796 Pour tous travaux, un rabais de 15% applicable sur le prix r\u00e9gulier des pi\u00e8ces. Pour tout nouveau branchement au central de surveillance, nous offrons gratuitement la main d\u2019\u0153uvre pour la visite de reprogrammation des \u00e9quipements existants, la v\u00e9rification ainsi que le branchement &hellip; <\/p>\n<p class=\"link-more\"><a href=\"http:\/\/rfrq.org\/?page_id=208\" class=\"more-link\">Continuer la lecture<span class=\"screen-reader-text\"> de &laquo; ADVIC S\u00c9CURIT\u00c9 &raquo;<\/span><\/a><\/p>\n","protected":false},"author":2,"featured_media":0,"parent":31,"menu_order":0,"comment_status":"closed","ping_status":"closed","template":"","meta":{"footnotes":""},"class_list":["post-208","page","type-page","status-publish","hentry"],"_links":{"self":[{"href":"http:\/\/rfrq.org\/index.php?rest_route=\/wp\/v2\/pages\/208","targetHints":{"allow":["GET"]}}],"collection":[{"href":"http:\/\/rfrq.org\/index.php?rest_route=\/wp\/v2\/pages"}],"about":[{"href":"http:\/\/rfrq.org\/index.php?rest_route=\/wp\/v2\/types\/page"}],"author":[{"embeddable":true,"href":"http:\/\/rfrq.org\/index.php?rest_route=\/wp\/v2\/users\/2"}],"replies":[{"embeddable":true,"href":"http:\/\/rfrq.org\/index.php?rest_route=%2Fwp%2Fv2%2Fcomments&post=208"}],"version-history":[{"count":5,"href":"http:\/\/rfrq.org\/index.php?rest_route=\/wp\/v2\/pages\/208\/revisions"}],"predecessor-version":[{"id":1222,"href":"http:\/\/rfrq.org\/index.php?rest_route=\/wp\/v2\/pages\/208\/revisions\/1222"}],"up":[{"embeddable":true,"href":"http:\/\/rfrq.org\/index.php?rest_route=\/wp\/v2\/pages\/31"}],"wp:attachment":[{"href":"http:\/\/rfrq.org\/index.php?rest_route=%2Fwp%2Fv2%2Fmedia&parent=208"}],"curies":[{"name":"wp","href":"https:\/\/api.w.org\/{rel}","templated":true}]}}