{"id":33,"date":"2018-03-21T23:25:28","date_gmt":"2018-03-22T04:25:28","guid":{"rendered":"http:\/\/rfrq.org\/?page_id=33"},"modified":"2026-02-20T10:13:39","modified_gmt":"2026-02-20T15:13:39","slug":"activitees","status":"publish","type":"page","link":"http:\/\/rfrq.org\/?page_id=33","title":{"rendered":"Activit\u00e9s"},"content":{"rendered":"<p>Activit\u00e9s<\/p>\n<p><a href=\"http:\/\/rfrq.org\/?page_id=88\">D\u00e9jeuner mensuel<\/a><\/p>\n<p><a href=\"http:\/\/rfrq.org\/wp-content\/uploads\/2025\/10\/2025-12-Noel.pdf\">11 d\u00e9cembre 2025 &#8211; Souper de No\u00ebl<\/a><\/p>\n<p><a href=\"http:\/\/rfrq.org\/wp-content\/uploads\/2026\/01\/2026-AGA.pdf\">26 janvier 2026 &#8211; Assembl\u00e9e g\u00e9n\u00e9rale annuelle<\/a><\/p>\n<p><a href=\"http:\/\/rfrq.org\/wp-content\/uploads\/2026\/02\/2026-Cabane-a-sucre.pdf\">9 avril 2026 &#8211; Cabane \u00e0 sucre La coul\u00e9e<\/a><\/p>\n<p><a href=\"http:\/\/rfrq.org\/wp-content\/uploads\/2025\/12\/2026-07-Souper-theatre.pdf\">9 juillet 2026 Souper Th\u00e9\u00e2tre &#8211; Le Duplex &#8211; Th\u00e9\u00e2tre Hector Charland<\/a><\/p>\n<p>Date et infos \u00e0 venir &#8211; Resto Shaker<\/p>\n\n\n<p><\/p>\n","protected":false},"excerpt":{"rendered":"<p>Activit\u00e9s D\u00e9jeuner mensuel 11 d\u00e9cembre 2025 &#8211; Souper de No\u00ebl 26 janvier 2026 &#8211; Assembl\u00e9e g\u00e9n\u00e9rale annuelle 9 avril 2026 &#8211; Cabane \u00e0 sucre La coul\u00e9e 9 juillet 2026 Souper Th\u00e9\u00e2tre &#8211; Le Duplex &#8211; Th\u00e9\u00e2tre Hector Charland Date et infos \u00e0 venir &#8211; Resto Shaker<\/p>\n","protected":false},"author":1,"featured_media":0,"parent":18,"menu_order":0,"comment_status":"closed","ping_status":"closed","template":"","meta":{"footnotes":""},"class_list":["post-33","page","type-page","status-publish","hentry"],"_links":{"self":[{"href":"http:\/\/rfrq.org\/index.php?rest_route=\/wp\/v2\/pages\/33","targetHints":{"allow":["GET"]}}],"collection":[{"href":"http:\/\/rfrq.org\/index.php?rest_route=\/wp\/v2\/pages"}],"about":[{"href":"http:\/\/rfrq.org\/index.php?rest_route=\/wp\/v2\/types\/page"}],"author":[{"embeddable":true,"href":"http:\/\/rfrq.org\/index.php?rest_route=\/wp\/v2\/users\/1"}],"replies":[{"embeddable":true,"href":"http:\/\/rfrq.org\/index.php?rest_route=%2Fwp%2Fv2%2Fcomments&post=33"}],"version-history":[{"count":84,"href":"http:\/\/rfrq.org\/index.php?rest_route=\/wp\/v2\/pages\/33\/revisions"}],"predecessor-version":[{"id":1705,"href":"http:\/\/rfrq.org\/index.php?rest_route=\/wp\/v2\/pages\/33\/revisions\/1705"}],"up":[{"embeddable":true,"href":"http:\/\/rfrq.org\/index.php?rest_route=\/wp\/v2\/pages\/18"}],"wp:attachment":[{"href":"http:\/\/rfrq.org\/index.php?rest_route=%2Fwp%2Fv2%2Fmedia&parent=33"}],"curies":[{"name":"wp","href":"https:\/\/api.w.org\/{rel}","templated":true}]}}