{"id":88,"date":"2019-01-07T12:35:44","date_gmt":"2019-01-07T17:35:44","guid":{"rendered":"http:\/\/rfrq.org\/?page_id=88"},"modified":"2025-06-03T07:24:52","modified_gmt":"2025-06-03T12:24:52","slug":"dejeuner","status":"publish","type":"page","link":"http:\/\/rfrq.org\/?page_id=88","title":{"rendered":"D\u00e9jeuner mensuel"},"content":{"rendered":"\n<p>Bonjour \u00e0 tous!!<\/p>\n\n\n\n<p>\u00c0 chaque 1er\nmercredi du mois, une rencontre d\u00e9jeuner a lieu au restaurant&nbsp;<strong>Au\nPoulet Nouveau&nbsp;<\/strong>situ\u00e9 au&nbsp;1089 Mont\u00e9e Masson Mascouche J7K 2M1&nbsp;(450)\n474-410\u200b1 d\u00e8s 8h30 AM (nous\nsommes au&nbsp;<strong>2e\n\u00e9tage<\/strong>)&nbsp;&nbsp;&nbsp; \ud83d\ude42<\/p>\n\n\n\n<p><br>\nOn en profites pour se rem\u00e9morer nos bons coups (et les moins bons aussi\nhihi!!!) autour d&rsquo;une tabl\u00e9e remplie des&nbsp;<br>\nretrait\u00e9(e)s et\/ou ancien(ne)s du SCC.<br>\n&nbsp;<\/p>\n\n\n\n<p>Si vous connaissez des retrait\u00e9(e)s ou\nancien(ne)s qui aimeraient se joindre \u00e0 nous, n&rsquo;h\u00e9sitez surtout pas \u00e0 leur\ntransmettre l&rsquo;invitation car comme le dicton le dit si bien : \u00ab\u00a0Plus on est\nde fou &#8230; plus on rit\u00a0\u00bb.<\/p>\n\n\n\n<p>\u00a0 Au plaisir de s&rsquo;y voir !<\/p>\n\n\n\n<p><strong>Il y aura vente de groupe&nbsp;LOTO MAX via Raymond Langlois au co\u00fbt de $2.00 par tirage &#8230; &nbsp;&nbsp;Si vous voulez participez et que vous pensez ne pas \u00eatre pr\u00e9sent au d\u00e9jeuner simplement appeler Raymond y&rsquo;a toujours moyen de s&rsquo;arranger<\/strong>&nbsp;<\/p>\n\n\n\n<p>Ginette Mireault pour<br>\nRaymond Langlois<\/p>\n","protected":false},"excerpt":{"rendered":"<p>Bonjour \u00e0 tous!! \u00c0 chaque 1er mercredi du mois, une rencontre d\u00e9jeuner a lieu au restaurant&nbsp;Au Poulet Nouveau&nbsp;situ\u00e9 au&nbsp;1089 Mont\u00e9e Masson Mascouche J7K 2M1&nbsp;(450) 474-410\u200b1 d\u00e8s 8h30 AM (nous sommes au&nbsp;2e \u00e9tage)&nbsp;&nbsp;&nbsp; \ud83d\ude42 On en profites pour se rem\u00e9morer nos bons coups (et les moins bons aussi hihi!!!) autour d&rsquo;une tabl\u00e9e remplie des&nbsp; retrait\u00e9(e)s et\/ou &hellip; <\/p>\n<p class=\"link-more\"><a href=\"http:\/\/rfrq.org\/?page_id=88\" class=\"more-link\">Continuer la lecture<span class=\"screen-reader-text\"> de &laquo; D\u00e9jeuner mensuel &raquo;<\/span><\/a><\/p>\n","protected":false},"author":2,"featured_media":0,"parent":33,"menu_order":0,"comment_status":"closed","ping_status":"closed","template":"","meta":{"footnotes":""},"class_list":["post-88","page","type-page","status-publish","hentry"],"_links":{"self":[{"href":"http:\/\/rfrq.org\/index.php?rest_route=\/wp\/v2\/pages\/88","targetHints":{"allow":["GET"]}}],"collection":[{"href":"http:\/\/rfrq.org\/index.php?rest_route=\/wp\/v2\/pages"}],"about":[{"href":"http:\/\/rfrq.org\/index.php?rest_route=\/wp\/v2\/types\/page"}],"author":[{"embeddable":true,"href":"http:\/\/rfrq.org\/index.php?rest_route=\/wp\/v2\/users\/2"}],"replies":[{"embeddable":true,"href":"http:\/\/rfrq.org\/index.php?rest_route=%2Fwp%2Fv2%2Fcomments&post=88"}],"version-history":[{"count":5,"href":"http:\/\/rfrq.org\/index.php?rest_route=\/wp\/v2\/pages\/88\/revisions"}],"predecessor-version":[{"id":1650,"href":"http:\/\/rfrq.org\/index.php?rest_route=\/wp\/v2\/pages\/88\/revisions\/1650"}],"up":[{"embeddable":true,"href":"http:\/\/rfrq.org\/index.php?rest_route=\/wp\/v2\/pages\/33"}],"wp:attachment":[{"href":"http:\/\/rfrq.org\/index.php?rest_route=%2Fwp%2Fv2%2Fmedia&parent=88"}],"curies":[{"name":"wp","href":"https:\/\/api.w.org\/{rel}","templated":true}]}}