{"id":178,"date":"2019-01-15T15:25:53","date_gmt":"2019-01-15T20:25:53","guid":{"rendered":"http:\/\/rfrq.org\/?page_id=178"},"modified":"2026-01-20T15:32:54","modified_gmt":"2026-01-20T20:32:54","slug":"hotel-spa-le-suisse","status":"publish","type":"page","link":"https:\/\/rfrq.org\/?page_id=178","title":{"rendered":"Basha Mascouche"},"content":{"rendered":"\n<figure class=\"wp-block-image\"><img loading=\"lazy\" decoding=\"async\" width=\"344\" height=\"344\" src=\"http:\/\/rfrq.org\/wp-content\/uploads\/2023\/09\/Basha.jpg\" alt=\"\" class=\"wp-image-1495\" srcset=\"https:\/\/rfrq.org\/wp-content\/uploads\/2023\/09\/Basha.jpg 344w, https:\/\/rfrq.org\/wp-content\/uploads\/2023\/09\/Basha-150x150.jpg 150w, https:\/\/rfrq.org\/wp-content\/uploads\/2023\/09\/Basha-300x300.jpg 300w, https:\/\/rfrq.org\/wp-content\/uploads\/2023\/09\/Basha-100x100.jpg 100w\" sizes=\"auto, (max-width: 344px) 100vw, 344px\" \/><\/figure>\n\n\n\n<p><strong>3085 boul. Mascouche<\/strong><br>Mascouche, Qc<br>(450) 474-4555<br>J7K 3B7<\/p>\n\n\n\n<p>Prop.&nbsp;: Anis et \u00c9li<br><\/p>\n\n\n\n<p class=\"has-luminous-vivid-orange-color has-text-color\"><strong>10% de rabais<\/strong> \u00e0 l\u2019achat d\u2019un repas en salle \u00e0 manger<br>ou pour emporter au Basha Mascouche seulement(sur pr\u00e9sentation de la carte de membre RFRQ)<br><\/p>\n\n\n\n<p>Mise \u00e0 jour aupr\u00e8s de Anis&nbsp;par Ginette Mireault en date du 26 juillet 2023<\/p>\n\n\n\n<p><strong>Entente valide jusqu\u2019au 2026-12-31<\/strong><br><\/p>\n\n\n\n<p><\/p>\n","protected":false},"excerpt":{"rendered":"<p>3085 boul. MascoucheMascouche, Qc(450) 474-4555J7K 3B7 Prop.&nbsp;: Anis et \u00c9li 10% de rabais \u00e0 l\u2019achat d\u2019un repas en salle \u00e0 mangerou pour emporter au Basha Mascouche seulement(sur pr\u00e9sentation de la carte de membre RFRQ) Mise \u00e0 jour aupr\u00e8s de Anis&nbsp;par Ginette Mireault en date du 26 juillet 2023 Entente valide jusqu\u2019au 2026-12-31<\/p>\n","protected":false},"author":2,"featured_media":0,"parent":31,"menu_order":0,"comment_status":"closed","ping_status":"closed","template":"","meta":{"footnotes":""},"class_list":["post-178","page","type-page","status-publish","hentry"],"_links":{"self":[{"href":"https:\/\/rfrq.org\/index.php?rest_route=\/wp\/v2\/pages\/178","targetHints":{"allow":["GET"]}}],"collection":[{"href":"https:\/\/rfrq.org\/index.php?rest_route=\/wp\/v2\/pages"}],"about":[{"href":"https:\/\/rfrq.org\/index.php?rest_route=\/wp\/v2\/types\/page"}],"author":[{"embeddable":true,"href":"https:\/\/rfrq.org\/index.php?rest_route=\/wp\/v2\/users\/2"}],"replies":[{"embeddable":true,"href":"https:\/\/rfrq.org\/index.php?rest_route=%2Fwp%2Fv2%2Fcomments&post=178"}],"version-history":[{"count":11,"href":"https:\/\/rfrq.org\/index.php?rest_route=\/wp\/v2\/pages\/178\/revisions"}],"predecessor-version":[{"id":1693,"href":"https:\/\/rfrq.org\/index.php?rest_route=\/wp\/v2\/pages\/178\/revisions\/1693"}],"up":[{"embeddable":true,"href":"https:\/\/rfrq.org\/index.php?rest_route=\/wp\/v2\/pages\/31"}],"wp:attachment":[{"href":"https:\/\/rfrq.org\/index.php?rest_route=%2Fwp%2Fv2%2Fmedia&parent=178"}],"curies":[{"name":"wp","href":"https:\/\/api.w.org\/{rel}","templated":true}]}}