{"id":18,"date":"2018-03-22T02:52:49","date_gmt":"2018-03-22T02:52:49","guid":{"rendered":"http:\/\/rfrq.org\/?page_id=18"},"modified":"2025-11-25T13:01:35","modified_gmt":"2025-11-25T18:01:35","slug":"rfrq","status":"publish","type":"page","link":"https:\/\/rfrq.org\/","title":{"rendered":"Accueil"},"content":{"rendered":"<h4>RFRQ &#8211; Regroupement des fonctionnaires retrait\u00e9(e)s des p\u00e9nitenciers f\u00e9d\u00e9raux du Qu\u00e9bec. S.C.C<\/h4>\n<p><!--more--><\/p>\n<section class=\"savoir\">\n<h1 class=\"section-title\">le saviez-vous?<\/h1>\n<p class=\"section-text\">Vous ne le saviez peut-\u00eatre pas mais il existe un regroupement des fonctionnaires retrait\u00e9s des p\u00e9nitenciers f\u00e9d\u00e9raux pour la r\u00e9gion du Qu\u00e9bec SCC qui s&rsquo;appelle le RFRQ. Ce regroupement existe depuis plus de 25 ans.\u00a0 Une nouvelle \u00e9quipe a donc \u00e9t\u00e9 vot\u00e9e en septembre 2014 et tout plein d&rsquo;activit\u00e9s et de surprises sont toujours en branle.<\/p>\n<\/section>\n<p><!--more--><\/p>\n<section class=\"priv\">\n<h1 class=\"section-title\">vos privil\u00e8ges<\/h1>\n<p class=\"section-text\">D\u00e8s la retraite vous pourrez faire l&rsquo;achat de votre carte de membre via courriel \u00e0 l&rsquo;adresse <a href=\"mailto:RFRQmail@gmail.com\">RFRQmail@gmail.com<\/a>, \u00a0celle-ci vous permettra de faire partie des nombreux prix de pr\u00e9sence lors des activit\u00e9s ainsi que de b\u00e9n\u00e9ficier de super rabais chez nos partenaires pour des achats tel que des h\u00f4tels , des restaurants, des sorties et voyages, des achats et services en ligne, et beaucoup d&rsquo;autres, mais surtout le but \u00e9tant de rassembler et partager souvenirs et bons coups entre ancien(ne)s coll\u00e8gues ainsi que de briser l&rsquo;isolement chez la\/le retrait\u00e9\/e !<\/p>\n<p><a href=\"http:\/\/rfrq.org\/wp-content\/uploads\/2025\/11\/Formulaire-adhesion.pdf\"><span style=\"color: #ff6600;\">Cliquez ici pour le formulaire d&rsquo;adh\u00e9sion<\/span><\/a><\/p>\n<\/section>\n\n\n<p>Nous sommes d\u00e9j\u00e0 plus d\u2019une centaine de membres venant de toute la r\u00e9gion du Qu\u00e9bec et nous serions heureux de vous y accueillir.<\/p>\n\n\n\n<p><\/p>\n\n\n\n<p class=\"has-luminous-vivid-orange-color has-text-color has-medium-font-size\"><a href=\"http:\/\/rfrq.org\/?page_id=33\">Nos Activit\u00e9s<\/a><\/p>\n\n\n\n<p class=\"has-luminous-vivid-orange-color has-text-color has-medium-font-size\"><a href=\"http:\/\/rfrq.org\/?page_id=31\">Nos Partenaires<\/a><\/p>\n\n\n\n<h1 class=\"wp-block-heading\">nos administrateurs<\/h1>\n\n\n\n<p>Pr\u00e9sident: Robert Pinard<br>Vice-pr\u00e9sidente: Ginette Mireault<br>Tr\u00e9sorier: Denis Dugas<br>Secr\u00e9taire int: Monique Marullo<\/p>\n","protected":false},"excerpt":{"rendered":"<p>RFRQ &#8211; Regroupement des fonctionnaires retrait\u00e9(e)s des p\u00e9nitenciers f\u00e9d\u00e9raux du Qu\u00e9bec. S.C.C<\/p>\n","protected":false},"author":1,"featured_media":7,"parent":0,"menu_order":0,"comment_status":"closed","ping_status":"closed","template":"","meta":{"footnotes":""},"class_list":["post-18","page","type-page","status-publish","has-post-thumbnail","hentry"],"_links":{"self":[{"href":"https:\/\/rfrq.org\/index.php?rest_route=\/wp\/v2\/pages\/18","targetHints":{"allow":["GET"]}}],"collection":[{"href":"https:\/\/rfrq.org\/index.php?rest_route=\/wp\/v2\/pages"}],"about":[{"href":"https:\/\/rfrq.org\/index.php?rest_route=\/wp\/v2\/types\/page"}],"author":[{"embeddable":true,"href":"https:\/\/rfrq.org\/index.php?rest_route=\/wp\/v2\/users\/1"}],"replies":[{"embeddable":true,"href":"https:\/\/rfrq.org\/index.php?rest_route=%2Fwp%2Fv2%2Fcomments&post=18"}],"version-history":[{"count":21,"href":"https:\/\/rfrq.org\/index.php?rest_route=\/wp\/v2\/pages\/18\/revisions"}],"predecessor-version":[{"id":1679,"href":"https:\/\/rfrq.org\/index.php?rest_route=\/wp\/v2\/pages\/18\/revisions\/1679"}],"wp:featuredmedia":[{"embeddable":true,"href":"https:\/\/rfrq.org\/index.php?rest_route=\/wp\/v2\/media\/7"}],"wp:attachment":[{"href":"https:\/\/rfrq.org\/index.php?rest_route=%2Fwp%2Fv2%2Fmedia&parent=18"}],"curies":[{"name":"wp","href":"https:\/\/api.w.org\/{rel}","templated":true}]}}